{"id":159,"date":"2022-10-11T18:05:22","date_gmt":"2022-10-11T16:05:22","guid":{"rendered":"http:\/\/prophilo.fr\/?page_id=159"},"modified":"2022-11-11T18:46:03","modified_gmt":"2022-11-11T17:46:03","slug":"les-lieux-dintervention","status":"publish","type":"page","link":"https:\/\/prophilo.fr\/index.php\/les-lieux-dintervention\/","title":{"rendered":"Les lieux d&rsquo;intervention"},"content":{"rendered":"\n<h5 class=\"alignwide has-secondary-background-color has-background wp-block-heading\">Depuis 2016, nous sommes intervenus dans 15 \u00e9tablissements.  Cela repr\u00e9sente pas moins de 250 interventions. <\/h5>\n\n\n<style type=\"text\/css\" id=\"umsMapStyles_1_31834\">\r\n    #ultimate_maps_1_31834 {\r\n        width: 800px;\r\n        height: 800px;\r\n                border: 0px solid ;\r\n        margin: 0px;\r\n    }\r\n    #mapsControlsNum_1_31834 {\r\n        width:800px    }\r\n    .umsMapDetailsContainer#umsMapDetailsContainer_1_31834 {\r\n        height:800px;\r\n    }\r\n    .ums_MapPreview#ultimate_maps_1_31834 {\r\n        \/*position:absolute;*\/\r\n        width:100%;\r\n    }\r\n    #mapConElem_1_31834{\r\n        width:800px    }\r\n    <\/style><div class=\"ums_map_opts\" id=\"mapConElem_1_31834\" data-id=\"1\" data-view-id=\"1_31834\" > <div class=\"umsMapDetailsContainer\" id=\"umsMapDetailsContainer_1_31834\"> <i class=\"umsKMLLayersPreloader fa fa-spinner fa-spin\" aria-hidden=\"true\" style=\"display: none;\"><\/i> <div class=\"ums_MapPreview \" id=\"ultimate_maps_1_31834\"><\/div> <\/div> <div class=\"umsMapMarkerFilters\" id=\"umsMapMarkerFilters_1_31834\"> <\/div> <div class=\"umsMapProControlsCon\" id=\"umsMapProControlsCon_1_31834\"> <a title=\"Google Map Plugin\" style=\"border:none; color: #26bfc1 !important; font-size: 9px; display: block; float: right; padding-right: 10px;\" href=\"https:\/\/supsystic.com\/plugins\/google-maps-plugin\/?utm_medium=love_link_hide\" target=\"_blank\">Google Map Plugin<\/a><div style=\"clear: both;\"><\/div> <\/div> <div class=\"umsMapProDirectionsCon\" id=\"umsMapProDirectionsCon_1_31834\" > <\/div> <div class=\"umsMapProKmlFilterCon\" id=\"umsMapProKmlFilterCon_1_31834\" > <\/div> <div class=\"umsSocialSharingShell umsSocialSharingShell_1_31834\"> <\/div> <div style=\"clear: both;\"><\/div> <\/div>\n\n\n\n<h5 class=\"alignwide has-secondary-background-color has-background wp-block-heading\">En grande majorit\u00e9 dans des lyc\u00e9es professionnels, notre action se d\u00e9ploie \u00e9galement dans des EPHAD, des organismes de formation continue, des entreprises &#8230;<\/h5>\n\n\n\n<h5 class=\"alignwide has-secondary-background-color has-background wp-block-heading\">A votre demande et avec vous, nous \u00e9tablissons un cahier des charges et c&rsquo;est parti &#8230;<\/h5>\n","protected":false},"excerpt":{"rendered":"<p>Depuis 2016, nous sommes intervenus dans 15 \u00e9tablissements. Cela repr\u00e9sente pas moins de 250 interventions. En grande majorit\u00e9 dans des lyc\u00e9es professionnels, notre action se d\u00e9ploie \u00e9galement dans des EPHAD, des organismes de formation continue, des entreprises &#8230; A votre demande et avec vous, nous \u00e9tablissons un cahier des charges et c&rsquo;est parti &#8230;<\/p>\n","protected":false},"author":1,"featured_media":0,"parent":0,"menu_order":0,"comment_status":"closed","ping_status":"closed","template":"","meta":{"footnotes":""},"class_list":["post-159","page","type-page","status-publish","hentry"],"_links":{"self":[{"href":"https:\/\/prophilo.fr\/index.php\/wp-json\/wp\/v2\/pages\/159","targetHints":{"allow":["GET"]}}],"collection":[{"href":"https:\/\/prophilo.fr\/index.php\/wp-json\/wp\/v2\/pages"}],"about":[{"href":"https:\/\/prophilo.fr\/index.php\/wp-json\/wp\/v2\/types\/page"}],"author":[{"embeddable":true,"href":"https:\/\/prophilo.fr\/index.php\/wp-json\/wp\/v2\/users\/1"}],"replies":[{"embeddable":true,"href":"https:\/\/prophilo.fr\/index.php\/wp-json\/wp\/v2\/comments?post=159"}],"version-history":[{"count":14,"href":"https:\/\/prophilo.fr\/index.php\/wp-json\/wp\/v2\/pages\/159\/revisions"}],"predecessor-version":[{"id":275,"href":"https:\/\/prophilo.fr\/index.php\/wp-json\/wp\/v2\/pages\/159\/revisions\/275"}],"wp:attachment":[{"href":"https:\/\/prophilo.fr\/index.php\/wp-json\/wp\/v2\/media?parent=159"}],"curies":[{"name":"wp","href":"https:\/\/api.w.org\/{rel}","templated":true}]}}